{"id":2733,"date":"2023-09-23T11:55:04","date_gmt":"2023-09-23T09:55:04","guid":{"rendered":"https:\/\/matterhornparagliding.com\/?page_id=2733"},"modified":"2025-11-12T05:37:10","modified_gmt":"2025-11-12T04:37:10","slug":"geschaeftsbedingungen","status":"publish","type":"page","link":"https:\/\/matterhornparagliding.com\/de\/geschaeftsbedingungen\/","title":{"rendered":"Geschaeftsbedingungen"},"content":{"rendered":"\t\t<div data-elementor-type=\"wp-page\" data-elementor-id=\"2733\" class=\"elementor elementor-2733 elementor-2703\">\n\t\t\t\t\t\t<div class=\"elementor-inner\">\n\t\t\t\t<div class=\"elementor-section-wrap\">\n\t\t\t\t\t\t\t\t\t<section class=\"elementor-section elementor-top-section elementor-element elementor-element-cfd2204 elementor-section-boxed elementor-section-height-default elementor-section-height-default parallax_section_no qode_elementor_container_no\" data-id=\"cfd2204\" data-element_type=\"section\">\n\t\t\t\t\t\t<div class=\"elementor-container elementor-column-gap-no\">\n\t\t\t\t\t\t\t<div class=\"elementor-row\">\n\t\t\t\t\t<div class=\"elementor-column elementor-col-100 elementor-top-column elementor-element elementor-element-54021f1\" data-id=\"54021f1\" data-element_type=\"column\">\n\t\t\t<div class=\"elementor-column-wrap elementor-element-populated\">\n\t\t\t\t\t\t\t<div class=\"elementor-widget-wrap\">\n\t\t\t\t\t\t<div class=\"elementor-element elementor-element-2a652e5 elementor-widget elementor-widget-text-editor\" data-id=\"2a652e5\" data-element_type=\"widget\" data-widget_type=\"text-editor.default\">\n\t\t\t\t<div class=\"elementor-widget-container\">\n\t\t\t\t\t\t\t\t<div class=\"elementor-text-editor elementor-clearfix\">\n\t\t\t\t<h1>Allgemeine Gesch\u00e4ftsbedingungen Matterhorn Paragliding GmbH<\/h1><h2>Allgemeines<\/h2><p>Matterhorn Paragliding vermittelt Passagierfl\u00fcge mit Gleitschirmen (Paragliding). Die T\u00e4tigkeit von Matterhorn Paragliding beschr\u00e4nkt sich auf die Vermittlung solcher Fl\u00fcge, eventuell auf weitere Dienstleistungen und das Inkasso des Flugpreises. Ausgef\u00fchrt werden die Passagierfl\u00fcge durch selbstst\u00e4ndige Piloten.<\/p><p>Der eigentliche Bef\u00f6rderungsvertrag wird direkt zwischen dem Piloten und dem Passagier abgeschlossen. F\u00fcr den Bef\u00f6rderungsvertrag gelten diese allgemeinen Gesch\u00e4ftsbedingungen.<\/p><p>Die AGB werden dem Passagier im Rahmen der Vermittlung durch Matterhorn Paragliding aufgezeigt und k\u00f6nnen zudem auf der Homepage www.matterhornparagliding.com eingesehen werden. Der Passagier best\u00e4tigt mit dem Anklicken der Checkbox, seiner Unterschrift oder auf andere Weise, die vorliegenden AGB gelesen, verstanden und akzeptiert zu haben.<\/p><p>Der besseren Verst\u00e4ndlichkeit halber werden Personen in der m\u00e4nnlichen Form genannt<br \/>&#8211; gemeint sind alle Geschlechter.<\/p><h2>Vertragsschluss und salvatorische Klausel<\/h2><p>Der Vertrag zwischen den Parteien kommt mit der verbindlichen Buchung durch den Passagier zustande. Eine Buchung gilt als g\u00fcltig wenn online durchgef\u00fchrt, \u00fcber Telefon, E-Mail oder eine andere Form der Kontaktaufnahme.<\/p><p>F\u00fcr den Fall, dass einzelne Bestimmungen dieser AGB ganz oder teilweise nichtig oder unwirksam sein sollten, bleibt die G\u00fcltigkeit und Wirksamkeit der \u00fcbrigen Bestimmungen davon unber\u00fchrt.<\/p><h2>Zahlung und Gutscheine<\/h2><p>Das Paragliding-Ticket enth\u00e4lt die Namen der Vertragsparteien (Firma und Passagier) und den bezahlten Flugpreis. Es gilt gleichzeitig auch als Quittung.<\/p><p>Der Flugpreis ist in jedem Fall zum Voraus in bar, online oder per Kreditkarte zu bezahlen.<\/p><p>Alle gelisteten Preise sind inkl. MWST. Matterhorn Paragliding beh\u00e4lt das Recht vor, die Preise jederzeit zu \u00e4ndern.<\/p><p>\u00dcber die Ausstellung, Anrechnung und G\u00fcltigkeit von Gutscheinen werden gesonderte Vereinbarungen getroffen: Gutscheine k\u00f6nnen online oder im Shop gekauft werden. Alle Gutscheine haben eine G\u00fcltigkeit von 3 Jahren, und k\u00f6nnen danach nicht mehr eingel\u00f6st werden.<\/p><p>Gutscheine sind auf andere Personen \u00fcbertragbar. Es liegt in der Verantwortung des K\u00e4ufers, dass der Passagier in den Alters- und Gewichtsgrenzen liegt. Sollte es dem Passagier aufgrund physischer Einschr\u00e4nkungen oder infolge nicht Beachtens der Anweisungen des Piloten nicht m\u00f6glich sein zu starten, wird der Gutschein nicht r\u00fcckerstattet.<\/p><p>Dem Passagier steht es jederzeit frei, ein Upgrade f\u00fcr den Flug zu w\u00e4hlen und kann die Preisdifferenz im Anschluss an den Flug direkt dem Piloten bezahlen.<\/p><h2>Pilot und Ger\u00e4t<\/h2><p>Der mit der Durchf\u00fchrung des Passagierflugs beauftragte Pilot ist im Besitz der daf\u00fcr<br \/>notwendigen amtlichen Bewilligung. Der Pilot ist der Kommandant des Gleitschirms und der Passagier verpflichtet sich, seinen Weisungen zu folgen. Sollte der Passagier den Anweisungen nicht Folge leisten, behalten die Piloten und\/oder Matterhorn Paragliding das Recht, den Flug zu stornieren ohne dass die Zahlung r\u00fcckerstattet wird.<\/p><p>Der verwendete Gleitschirm ist f\u00fcr Passagierfl\u00fcge geeignet und ordnungsgem\u00e4ss gewartet. Der Pilot f\u00fchrt ein Rettungsger\u00e4t (Notfallschirm) mit sich.<\/p><h2>Gesundheit und Ausr\u00fcstung des Passagiers<\/h2><p>Der Passagier best\u00e4tigt, nicht unter gesundheitlichen Problemen (psychischer und physischer Natur) zu leiden, welche auf die sichere Durchf\u00fchrung eines Passagierflugs<br \/>mit einem Gleitschirm Auswirkungen haben k\u00f6nnten. Im Zweifelsfall orientiert er<br \/>Matterhorn Paragliding oder den Piloten sp\u00e4testens w\u00e4hrend des Buchungsvorgangs. Es soll in einem solchen Fall gemeinsam entschieden werden, ob der Passagierflug durchgef\u00fchrt werden kann. Die endg\u00fcltige Entscheidung liegt beim Piloten.<\/p><p>Sollte der Pilot auf dem Startplatz entscheiden, dass ein sicherer Flug aufgrund des Verhaltens des Passagiers nicht m\u00f6glich ist, wird die Zahlung dem Passagier dennoch verrechnet. Beispiele f\u00fcr unsicheres Verhalten (nicht abschliessende Aufz\u00e4hlung): nicht Beachten der Anweisungen des Piloten, nicht ausreichend Rennen w\u00e4hrend dem Start, Hinsetzen w\u00e4hrend dem Startvorgang, falsche Angaben beim Buchungsprozess (Alter, Gewicht, Fitness Level etc.).<\/p><p>Alkohol- sowie Drogenkonsum sind strengstens verboten und f\u00fchren zur Stornierung des Fluges ohne R\u00fcckerstattung.<\/p><p>Der Passagier verpflichtet sich, geeignetes festes Schuhwerk sowie einen Helm (eigenen oder zur Verf\u00fcgung gestellt) zu tragen. Der Pilot kann zus\u00e4tzliche Vorgaben (z.B. lange Hosen, warme Kleidung o.\u00e4.) machen.<\/p><h2>Haftungsausschluss<\/h2><p>Der Passagier ist sich bewusst, dass die Teilnahme an einem Gleitschirm mit Risiken verbunden ist. Da beispielsweise bei Gleitschirmen das Fahrwerk den Beinen von Pilot und Passagier entspricht, kann es bei harten Landungen oder Startabbr\u00fcchen zu Verletzungen kommen. Zudem kann das Risiko von pl\u00f6tzlichen, unvorhersehbaren Windeinfl\u00fcssen nicht ausgeschlossen werden.<\/p><p>Jeder Pilot, der im Auftrag von Matterhorn Paragliding fliegt, hat nachweislich eine Haftpflichtversicherung mit einer Deckungssumme von maximal CHF 5 Mio. abgeschlossen. Die Haftung des Piloten f\u00fcr K\u00f6rper- und Sachsch\u00e4den, welche dem Passagier w\u00e4hrend eines Gleitschirmfluges entstanden sind, wird auf maximal diesen Betrag beschr\u00e4nkt.<\/p><p>Die Haftung von dem Piloten und Matterhorn Paragliding f\u00fcr Personen-und Sachsch\u00e4den, die durch den Passagier w\u00e4hrend dem Gleitschirmerlebnis entstehen, ist ausgeschlossen.<\/p><p>Wenn der Passagier die Anweisungen des Piloten nicht befolgt, k\u00f6nnen weder der Pilot noch Matterhorn Paragliding verantwortlich gemacht werden und sind von jeglicher Haftung befreit.<\/p><p>Matterhorn Paragliding haftet nicht f\u00fcr Sch\u00e4den, die durch den Piloten oder sonstige Dritte verursacht werden, die nicht im Zusammenhang mit der vereinbarten Leistung stehen, sowie f\u00fcr Sch\u00e4den die durch Handlungen Dritter, Naturkatastrophen, beh\u00f6rdliche Anordnungen oder durch versp\u00e4tete R\u00fcckkehr vom Gleitschirmflug entstehen.<\/p><h2>Minderj\u00e4hrige oder unm\u00fcndige Passagiere<\/h2><p>Minderj\u00e4hrige oder entm\u00fcndigte Passagiere ben\u00f6tigen das Einverst\u00e4ndnis eines Inhabers der elterlichen Gewalt oder eines gesetzlichen Vertreters. Ist eine solche bei der Durchf\u00fchrung des Fluges nicht vor Ort, so muss Matterhorn Paragliding vorg\u00e4ngig eine schriftliche Einverst\u00e4ndniserkl\u00e4rung vorgelegt werden.<\/p><h2>Termin, Durchf\u00fchrungsort, Dauer und Annullation durch den Veranstalter<\/h2><p>Termine f\u00fcr die Durchf\u00fchrung von Passagierfl\u00fcgen werden vorg\u00e4ngig (auch kurzfristig) vereinbart. \u00c4nderungen des Durchf\u00fchrungstermins k\u00f6nnen aufgrund des Wetters oder aus organisatorischen Gr\u00fcnden notwendig werden. Der Pilot oder Matterhorn Paragliding entscheidet endg\u00fcltig, ob die Durchf\u00fchrung eines Passagierfluges m\u00f6glich ist oder nicht.<\/p><p>Es liegt nicht in der Entscheidung des Passagiers, ob das Wetter fliegbar ist oder nicht. Es erfolgt keine R\u00fcckerstattung, wenn der Fluggast mit dem Wetter nicht zufrieden ist &#8211; solange der Flug sicher durchgef\u00fchrt werden kann. Nach M\u00f6glichkeit wird der Passagierflug auf den n\u00e4chsten freien Termin verschoben.<\/p><p>Wir ein Flug unter Einverst\u00e4ndnis des Passagiers verschoben, g\u00fcltig dies als Best\u00e4tigung und die Stornierungsbedingungen gelten.<\/p><p>Ist ein Ausweichtermin nicht m\u00f6glich und liegen die Gr\u00fcnde f\u00fcr die Absage des urspr\u00fcnglichen Termins nicht beim Passagier, so kann dieser den bezahlten Flugpreis zur\u00fcckfordern.<\/p><p>Die Kosten f\u00fcr das Ticket zum Start und, im Falle einer Annullierung, f\u00fcr die R\u00fcckreise nach Zermatt werden von Matterhorn Paragliding nicht zur\u00fcckerstattet.<\/p><p>Die Dauer eines Passagierfluges richtet sich nach den meteorologischen Bedingungen, sowie den Sicherheits- und Passagieranforderungen. Die von Matterhorn Paragliding angegebenen Flugzeiten sind ungef\u00e4hre Zeiten und k\u00f6nnen nicht garantiert werden. Matterhorn Paragliding oder der Pilot k\u00f6nnen den Start aus Sicherheitsgr\u00fcnden oder aufgrund der Wetterlage jederzeit \u00e4ndern. In diesem Fall wird der Fluggast \u00fcber den Grund der \u00c4nderung informiert, die Flugpreisdifferenz wird nach dem Flug zur\u00fcckerstattet. Weitergehende Anspr\u00fcche gegen den Veranstalter sind ausgeschlossen.<\/p><h2>Annullation durch den Passagier<\/h2><p>Folgende Stornogeb\u00fchren fallen bei Annulation durch den Passagier an:<br \/>\u2022 bei Stornierungen bis zu 48h vor geplanter Flugzeit wird der bezahlte Betrag<br \/>r\u00fcckerstattet<br \/>\u2022 Gruppen von 4 Personen und mehr m\u00fcssen 72h im Voraus abgemeldet werden,<br \/>um eine volle R\u00fcckerstattung zu erhalten<br \/>\u2022 in beiden F\u00e4llen wird eine Bearbeitungsgeb\u00fchr von 5% pro Buchung erhoben Bei Stornierungen, die weniger als 48h vor der geplanten Flugzeit erfolgen, wird keine Erstattung gew\u00e4hrt. Dasselbe gilt bei Gutscheinen.<\/p><p>Bei Nichterscheinen, versp\u00e4teter Ankunft oder vorzeitiger Abreise erfolgt keine R\u00fcckerstattung (es sei denn, es wurde vorab eine Vereinbarung getroffen). Gutscheine verlieren ihre G\u00fcltigkeit bei Nichterscheinen.<\/p><p>K\u00f6nnen Passagiere aufgrund von Krankheit oder einer Verletzung nicht am Gleitschirmflug teilnehmen, empfiehlt Matterhorn Paragliding die Kosten bei der Reiserversicherung des Passagiers mit einem \u00e4rztlichen Zeugnis decken zu lassen.<\/p><h2>Versicherung des Passagiers bei einem Unfall<\/h2><p>Jeder Pilot, der im Auftrag von Matterhorn Paragliding fliegt, hat f\u00fcr den Passagier eine<br \/>Unfallversicherung mit einem auf die Schweiz beschr\u00e4nkten Geltungsbereich und mit einer maximalen Deckungssumme von CHF 100&#8217;000.- abgeschlossen. Leistungen aus dieser Unfallversicherung k\u00f6nnen beansprucht werden, nachdem die Leistungen einer allf\u00e4llig vorhandenen Unfallversicherung des Passagiers vollst\u00e4ndig ausgesch\u00f6pft sind.<\/p><p>Eine Leistungspflicht des Matterhorn Paragliding Piloten f\u00fcr Anspr\u00fcche aus den Folgen eines Unfalls bestehen nur im Rahmen der versicherten Leistungen und nur bis zur versicherten Deckungslimite.<\/p><h2>Foto- und Filmaufnahmen<\/h2><p>Dem Passagier ist es gestattet, eine kleine Kompaktkamera (Typ GoPro) mitzuf\u00fchren. Diese ist sachgerecht und sicher zu befestigen. Der Pilot entscheidet verbindlich \u00fcber die Art und Weise der Befestigung. Mobiltelefone und Kameras mit Wechselobjektiven sowie mechanische Aufh\u00e4ngungen d\u00fcrfen w\u00e4hrend dem Flug nicht benutzt werden. Der Pilot kann Ausnahmen davon unter (Sicherheits-)Auflagen gestatten.<\/p><h2>Gerichtstand f\u00fcr Passagiere aus den USA oder Kanada<\/h2><p>Passagiere aus den USA oder Kanada verzichten ausdr\u00fccklich f\u00fcr allf\u00e4llige Streitigkeiten aus dem Passagierflug auf einen Gerichtsstand in den USA oder Kanada und nehmen zur Kenntnis, dass sich weder Matterhorn Paragliding noch der Pilot auf einen Gerichtsstand in den USA oder Kanada einlassen.<\/p><h2>Ordentlicher Gerichtsstand und anwendbares Recht<\/h2><p>F\u00fcr s\u00e4mtliche Streitigkeiten aus dem Vertrag \u00fcber den Passagierflug sind die ordentlichen Gerichte am Sitz von Matterhorn Paragliding in Zermatt zust\u00e4ndig. Es ist ausschliesslich Schweizerisches Recht anwendbar.<\/p><p>Gelesen und einverstanden<\/p>\t\t\t\t\t<\/div>\n\t\t\t\t\t\t<\/div>\n\t\t\t\t<\/div>\n\t\t\t\t\t\t<\/div>\n\t\t\t\t\t<\/div>\n\t\t<\/div>\n\t\t\t\t\t\t\t\t<\/div>\n\t\t\t\t\t<\/div>\n\t\t<\/section>\n\t\t\t\t\t\t\t\t\t<\/div>\n\t\t\t<\/div>\n\t\t\t\t\t<\/div>\n\t\t","protected":false},"excerpt":{"rendered":"<p>Allgemeine Gesch\u00e4ftsbedingungen Matterhorn Paragliding GmbH Allgemeines Matterhorn Paragliding vermittelt Passagierfl\u00fcge mit Gleitschirmen (Paragliding). Die T\u00e4tigkeit von Matterhorn Paragliding beschr\u00e4nkt sich auf die Vermittlung solcher Fl\u00fcge, eventuell auf weitere Dienstleistungen und das Inkasso des Flugpreises. Ausgef\u00fchrt werden die Passagierfl\u00fcge durch selbstst\u00e4ndige Piloten. Der eigentliche Bef\u00f6rderungsvertrag wird&#8230;<\/p>\n","protected":false},"author":1,"featured_media":0,"parent":0,"menu_order":0,"comment_status":"closed","ping_status":"closed","template":"","meta":[],"yoast_head":"<!-- This site is optimized with the Yoast SEO plugin v18.3 - https:\/\/yoast.com\/wordpress\/plugins\/seo\/ -->\n<title>Geschaeftsbedingungen | Matterhorn Paragliding<\/title>\n<meta name=\"robots\" content=\"index, follow, max-snippet:-1, max-image-preview:large, max-video-preview:-1\" \/>\n<link rel=\"canonical\" href=\"https:\/\/matterhornparagliding.com\/de\/geschaeftsbedingungen\/\" \/>\n<meta property=\"og:locale\" content=\"de_DE\" \/>\n<meta property=\"og:type\" content=\"article\" \/>\n<meta property=\"og:title\" content=\"Geschaeftsbedingungen | Matterhorn Paragliding\" \/>\n<meta property=\"og:description\" content=\"Allgemeine Gesch\u00e4ftsbedingungen Matterhorn Paragliding GmbH Allgemeines Matterhorn Paragliding vermittelt Passagierfl\u00fcge mit Gleitschirmen (Paragliding). Die T\u00e4tigkeit von Matterhorn Paragliding beschr\u00e4nkt sich auf die Vermittlung solcher Fl\u00fcge, eventuell auf weitere Dienstleistungen und das Inkasso des Flugpreises. Ausgef\u00fchrt werden die Passagierfl\u00fcge durch selbstst\u00e4ndige Piloten. Der eigentliche Bef\u00f6rderungsvertrag wird...\" \/>\n<meta property=\"og:url\" content=\"https:\/\/matterhornparagliding.com\/de\/geschaeftsbedingungen\/\" \/>\n<meta property=\"og:site_name\" content=\"Matterhorn Paragliding\" \/>\n<meta property=\"article:publisher\" content=\"https:\/\/www.facebook.com\/search\/top?q=matterhorn%20paragliding\" \/>\n<meta property=\"article:modified_time\" content=\"2025-11-12T04:37:10+00:00\" \/>\n<meta name=\"twitter:card\" content=\"summary_large_image\" \/>\n<meta name=\"twitter:label1\" content=\"Gesch\u00e4tzte Lesezeit\" \/>\n\t<meta name=\"twitter:data1\" content=\"11\u00a0Minuten\" \/>\n<script type=\"application\/ld+json\" class=\"yoast-schema-graph\">{\"@context\":\"https:\/\/schema.org\",\"@graph\":[{\"@type\":\"Organization\",\"@id\":\"https:\/\/matterhornparagliding.com\/#organization\",\"name\":\"Matterhorn Paragliding\",\"url\":\"https:\/\/matterhornparagliding.com\/\",\"sameAs\":[\"https:\/\/www.facebook.com\/search\/top?q=matterhorn paragliding\",\"https:\/\/instagram.com\/matterhornparagliding?utm_medium=copy_link\"],\"logo\":{\"@type\":\"ImageObject\",\"@id\":\"https:\/\/matterhornparagliding.com\/#logo\",\"inLanguage\":\"de\",\"url\":\"https:\/\/matterhornparagliding.com\/wp-content\/uploads\/2022\/06\/cropped-mp-pic-scaled-1.jpg\",\"contentUrl\":\"https:\/\/matterhornparagliding.com\/wp-content\/uploads\/2022\/06\/cropped-mp-pic-scaled-1.jpg\",\"width\":512,\"height\":512,\"caption\":\"Matterhorn Paragliding\"},\"image\":{\"@id\":\"https:\/\/matterhornparagliding.com\/#logo\"}},{\"@type\":\"WebSite\",\"@id\":\"https:\/\/matterhornparagliding.com\/#website\",\"url\":\"https:\/\/matterhornparagliding.com\/\",\"name\":\"Matterhorn Paragliding\",\"description\":\"Paragliding in Zermatt with Matterhorn Paragliding | Let us take you flying!\",\"publisher\":{\"@id\":\"https:\/\/matterhornparagliding.com\/#organization\"},\"potentialAction\":[{\"@type\":\"SearchAction\",\"target\":{\"@type\":\"EntryPoint\",\"urlTemplate\":\"https:\/\/matterhornparagliding.com\/?s={search_term_string}\"},\"query-input\":\"required name=search_term_string\"}],\"inLanguage\":\"de\"},{\"@type\":\"WebPage\",\"@id\":\"https:\/\/matterhornparagliding.com\/de\/geschaeftsbedingungen\/#webpage\",\"url\":\"https:\/\/matterhornparagliding.com\/de\/geschaeftsbedingungen\/\",\"name\":\"Geschaeftsbedingungen | Matterhorn Paragliding\",\"isPartOf\":{\"@id\":\"https:\/\/matterhornparagliding.com\/#website\"},\"datePublished\":\"2023-09-23T09:55:04+00:00\",\"dateModified\":\"2025-11-12T04:37:10+00:00\",\"breadcrumb\":{\"@id\":\"https:\/\/matterhornparagliding.com\/de\/geschaeftsbedingungen\/#breadcrumb\"},\"inLanguage\":\"de\",\"potentialAction\":[{\"@type\":\"ReadAction\",\"target\":[\"https:\/\/matterhornparagliding.com\/de\/geschaeftsbedingungen\/\"]}]},{\"@type\":\"BreadcrumbList\",\"@id\":\"https:\/\/matterhornparagliding.com\/de\/geschaeftsbedingungen\/#breadcrumb\",\"itemListElement\":[{\"@type\":\"ListItem\",\"position\":1,\"name\":\"Home\",\"item\":\"https:\/\/matterhornparagliding.com\/de\/\"},{\"@type\":\"ListItem\",\"position\":2,\"name\":\"Geschaeftsbedingungen\"}]}]}<\/script>\n<!-- \/ Yoast SEO plugin. -->","yoast_head_json":{"title":"Geschaeftsbedingungen | Matterhorn Paragliding","robots":{"index":"index","follow":"follow","max-snippet":"max-snippet:-1","max-image-preview":"max-image-preview:large","max-video-preview":"max-video-preview:-1"},"canonical":"https:\/\/matterhornparagliding.com\/de\/geschaeftsbedingungen\/","og_locale":"de_DE","og_type":"article","og_title":"Geschaeftsbedingungen | Matterhorn Paragliding","og_description":"Allgemeine Gesch\u00e4ftsbedingungen Matterhorn Paragliding GmbH Allgemeines Matterhorn Paragliding vermittelt Passagierfl\u00fcge mit Gleitschirmen (Paragliding). Die T\u00e4tigkeit von Matterhorn Paragliding beschr\u00e4nkt sich auf die Vermittlung solcher Fl\u00fcge, eventuell auf weitere Dienstleistungen und das Inkasso des Flugpreises. Ausgef\u00fchrt werden die Passagierfl\u00fcge durch selbstst\u00e4ndige Piloten. Der eigentliche Bef\u00f6rderungsvertrag wird...","og_url":"https:\/\/matterhornparagliding.com\/de\/geschaeftsbedingungen\/","og_site_name":"Matterhorn Paragliding","article_publisher":"https:\/\/www.facebook.com\/search\/top?q=matterhorn%20paragliding","article_modified_time":"2025-11-12T04:37:10+00:00","twitter_card":"summary_large_image","twitter_misc":{"Gesch\u00e4tzte Lesezeit":"11\u00a0Minuten"},"schema":{"@context":"https:\/\/schema.org","@graph":[{"@type":"Organization","@id":"https:\/\/matterhornparagliding.com\/#organization","name":"Matterhorn Paragliding","url":"https:\/\/matterhornparagliding.com\/","sameAs":["https:\/\/www.facebook.com\/search\/top?q=matterhorn paragliding","https:\/\/instagram.com\/matterhornparagliding?utm_medium=copy_link"],"logo":{"@type":"ImageObject","@id":"https:\/\/matterhornparagliding.com\/#logo","inLanguage":"de","url":"https:\/\/matterhornparagliding.com\/wp-content\/uploads\/2022\/06\/cropped-mp-pic-scaled-1.jpg","contentUrl":"https:\/\/matterhornparagliding.com\/wp-content\/uploads\/2022\/06\/cropped-mp-pic-scaled-1.jpg","width":512,"height":512,"caption":"Matterhorn Paragliding"},"image":{"@id":"https:\/\/matterhornparagliding.com\/#logo"}},{"@type":"WebSite","@id":"https:\/\/matterhornparagliding.com\/#website","url":"https:\/\/matterhornparagliding.com\/","name":"Matterhorn Paragliding","description":"Paragliding in Zermatt with Matterhorn Paragliding | Let us take you flying!","publisher":{"@id":"https:\/\/matterhornparagliding.com\/#organization"},"potentialAction":[{"@type":"SearchAction","target":{"@type":"EntryPoint","urlTemplate":"https:\/\/matterhornparagliding.com\/?s={search_term_string}"},"query-input":"required name=search_term_string"}],"inLanguage":"de"},{"@type":"WebPage","@id":"https:\/\/matterhornparagliding.com\/de\/geschaeftsbedingungen\/#webpage","url":"https:\/\/matterhornparagliding.com\/de\/geschaeftsbedingungen\/","name":"Geschaeftsbedingungen | Matterhorn Paragliding","isPartOf":{"@id":"https:\/\/matterhornparagliding.com\/#website"},"datePublished":"2023-09-23T09:55:04+00:00","dateModified":"2025-11-12T04:37:10+00:00","breadcrumb":{"@id":"https:\/\/matterhornparagliding.com\/de\/geschaeftsbedingungen\/#breadcrumb"},"inLanguage":"de","potentialAction":[{"@type":"ReadAction","target":["https:\/\/matterhornparagliding.com\/de\/geschaeftsbedingungen\/"]}]},{"@type":"BreadcrumbList","@id":"https:\/\/matterhornparagliding.com\/de\/geschaeftsbedingungen\/#breadcrumb","itemListElement":[{"@type":"ListItem","position":1,"name":"Home","item":"https:\/\/matterhornparagliding.com\/de\/"},{"@type":"ListItem","position":2,"name":"Geschaeftsbedingungen"}]}]}},"_links":{"self":[{"href":"https:\/\/matterhornparagliding.com\/de\/wp-json\/wp\/v2\/pages\/2733"}],"collection":[{"href":"https:\/\/matterhornparagliding.com\/de\/wp-json\/wp\/v2\/pages"}],"about":[{"href":"https:\/\/matterhornparagliding.com\/de\/wp-json\/wp\/v2\/types\/page"}],"author":[{"embeddable":true,"href":"https:\/\/matterhornparagliding.com\/de\/wp-json\/wp\/v2\/users\/1"}],"replies":[{"embeddable":true,"href":"https:\/\/matterhornparagliding.com\/de\/wp-json\/wp\/v2\/comments?post=2733"}],"version-history":[{"count":19,"href":"https:\/\/matterhornparagliding.com\/de\/wp-json\/wp\/v2\/pages\/2733\/revisions"}],"predecessor-version":[{"id":3794,"href":"https:\/\/matterhornparagliding.com\/de\/wp-json\/wp\/v2\/pages\/2733\/revisions\/3794"}],"wp:attachment":[{"href":"https:\/\/matterhornparagliding.com\/de\/wp-json\/wp\/v2\/media?parent=2733"}],"curies":[{"name":"wp","href":"https:\/\/api.w.org\/{rel}","templated":true}]}}