{"id":4222,"date":"2026-03-12T10:06:30","date_gmt":"2026-03-12T09:06:30","guid":{"rendered":"https:\/\/matterhornparagliding.com\/?page_id=4222"},"modified":"2026-03-13T15:00:58","modified_gmt":"2026-03-13T14:00:58","slug":"adventurer","status":"publish","type":"page","link":"https:\/\/matterhornparagliding.com\/de\/buchen\/adventurer\/","title":{"rendered":"Adventurer"},"content":{"rendered":"\t\t<div data-elementor-type=\"wp-page\" data-elementor-id=\"4222\" class=\"elementor elementor-4222 elementor-4031\">\n\t\t\t\t\t\t<div class=\"elementor-inner\">\n\t\t\t\t<div class=\"elementor-section-wrap\">\n\t\t\t\t\t\t\t\t\t<section class=\"elementor-section elementor-top-section elementor-element elementor-element-2ff2d4f elementor-section-boxed elementor-section-height-default elementor-section-height-default parallax_section_no qode_elementor_container_no\" data-id=\"2ff2d4f\" data-element_type=\"section\">\n\t\t\t\t\t\t\t<div class=\"elementor-background-overlay\"><\/div>\n\t\t\t\t\t\t\t<div class=\"elementor-container elementor-column-gap-default\">\n\t\t\t\t\t\t\t<div class=\"elementor-row\">\n\t\t\t\t\t<div class=\"elementor-column elementor-col-100 elementor-top-column elementor-element elementor-element-49f10b5\" data-id=\"49f10b5\" data-element_type=\"column\">\n\t\t\t<div class=\"elementor-column-wrap elementor-element-populated\">\n\t\t\t\t\t\t\t<div class=\"elementor-widget-wrap\">\n\t\t\t\t\t\t<div class=\"elementor-element elementor-element-4b8fbf2 elementor-widget elementor-widget-html\" data-id=\"4b8fbf2\" data-element_type=\"widget\" data-widget_type=\"html.default\">\n\t\t\t\t<div class=\"elementor-widget-container\">\n\t\t\t<product-details-widget widget-id=\"fd0e6122-575a-459e-b5e3-98402c956052\"><\/product-details-widget><script type=\"text\/javascript\" src=\"https:\/\/widgets.regiondo.net\/product\/v1\/product-widget.min.js\"><\/script>\t\t<\/div>\n\t\t\t\t<\/div>\n\t\t\t\t<section class=\"elementor-section elementor-inner-section elementor-element elementor-element-3744afd elementor-section-boxed elementor-section-height-default elementor-section-height-default parallax_section_no qode_elementor_container_no\" data-id=\"3744afd\" data-element_type=\"section\">\n\t\t\t\t\t\t<div class=\"elementor-container elementor-column-gap-default\">\n\t\t\t\t\t\t\t<div class=\"elementor-row\">\n\t\t\t\t\t<div class=\"elementor-column elementor-col-50 elementor-inner-column elementor-element elementor-element-57b1745\" data-id=\"57b1745\" data-element_type=\"column\">\n\t\t\t<div class=\"elementor-column-wrap elementor-element-populated\">\n\t\t\t\t\t\t\t<div class=\"elementor-widget-wrap\">\n\t\t\t\t\t\t<div class=\"elementor-element elementor-element-2403faa elementor-widget elementor-widget-text-editor\" data-id=\"2403faa\" data-element_type=\"widget\" data-widget_type=\"text-editor.default\">\n\t\t\t\t<div class=\"elementor-widget-container\">\n\t\t\t\t\t\t\t\t<div class=\"elementor-text-editor elementor-clearfix\">\n\t\t\t\t<h3> Ist Ihr Wunschtermin nicht mehr verf\u00fcgbar?<\/h3>\nSollte Ihr bevorzugter Termin nicht mehr verf\u00fcgbar sein, kontaktieren Sie uns bitte direkt \u00fcber <a href=\"https:\/\/wa.me\/41774895916\">WhatsApp<\/a>.\t\t\t\t\t<\/div>\n\t\t\t\t\t\t<\/div>\n\t\t\t\t<\/div>\n\t\t\t\t\t\t<\/div>\n\t\t\t\t\t<\/div>\n\t\t<\/div>\n\t\t\t\t<div class=\"elementor-column elementor-col-50 elementor-inner-column elementor-element elementor-element-f567242\" data-id=\"f567242\" data-element_type=\"column\">\n\t\t\t<div class=\"elementor-column-wrap elementor-element-populated\">\n\t\t\t\t\t\t\t<div class=\"elementor-widget-wrap\">\n\t\t\t\t\t\t<div class=\"elementor-element elementor-element-64caf35 elementor-widget elementor-widget-text-editor\" data-id=\"64caf35\" data-element_type=\"widget\" data-widget_type=\"text-editor.default\">\n\t\t\t\t<div class=\"elementor-widget-container\">\n\t\t\t\t\t\t\t\t<div class=\"elementor-text-editor elementor-clearfix\">\n\t\t\t\t<h3>Gr\u00f6ssere Gruppen<\/h3>\nTipp: Gr\u00f6ssere Gruppen k\u00f6nnen auf mehrere Zeitfenster aufgeteilt werden, oder Sie k\u00f6nnen sich direkt an uns wenden\t\t\t\t\t<\/div>\n\t\t\t\t\t\t<\/div>\n\t\t\t\t<\/div>\n\t\t\t\t\t\t<\/div>\n\t\t\t\t\t<\/div>\n\t\t<\/div>\n\t\t\t\t\t\t\t\t<\/div>\n\t\t\t\t\t<\/div>\n\t\t<\/section>\n\t\t\t\t\t\t<\/div>\n\t\t\t\t\t<\/div>\n\t\t<\/div>\n\t\t\t\t\t\t\t\t<\/div>\n\t\t\t\t\t<\/div>\n\t\t<\/section>\n\t\t\t\t\t\t\t\t\t<\/div>\n\t\t\t<\/div>\n\t\t\t\t\t<\/div>\n\t\t","protected":false},"excerpt":{"rendered":"<p>Ist Ihr Wunschtermin nicht mehr verf\u00fcgbar? Sollte Ihr bevorzugter Termin nicht mehr verf\u00fcgbar sein, kontaktieren Sie uns bitte direkt \u00fcber WhatsApp. Gr\u00f6ssere Gruppen Tipp: Gr\u00f6ssere Gruppen k\u00f6nnen auf mehrere Zeitfenster aufgeteilt werden, oder Sie k\u00f6nnen sich direkt an uns wenden<\/p>\n","protected":false},"author":1,"featured_media":0,"parent":2517,"menu_order":0,"comment_status":"closed","ping_status":"closed","template":"elementor_header_footer","meta":[],"yoast_head":"<!-- This site is optimized with the Yoast SEO plugin v18.3 - https:\/\/yoast.com\/wordpress\/plugins\/seo\/ -->\n<title>Adventurer | Matterhorn Paragliding<\/title>\n<meta name=\"robots\" content=\"index, follow, max-snippet:-1, max-image-preview:large, max-video-preview:-1\" \/>\n<link rel=\"canonical\" href=\"https:\/\/matterhornparagliding.com\/de\/buchen\/adventurer\/\" \/>\n<meta property=\"og:locale\" content=\"de_DE\" \/>\n<meta property=\"og:type\" content=\"article\" \/>\n<meta property=\"og:title\" content=\"Adventurer | Matterhorn Paragliding\" \/>\n<meta property=\"og:description\" content=\"Ist Ihr Wunschtermin nicht mehr verf\u00fcgbar? Sollte Ihr bevorzugter Termin nicht mehr verf\u00fcgbar sein, kontaktieren Sie uns bitte direkt \u00fcber WhatsApp. Gr\u00f6ssere Gruppen Tipp: Gr\u00f6ssere Gruppen k\u00f6nnen auf mehrere Zeitfenster aufgeteilt werden, oder Sie k\u00f6nnen sich direkt an uns wenden\" \/>\n<meta property=\"og:url\" content=\"https:\/\/matterhornparagliding.com\/de\/buchen\/adventurer\/\" \/>\n<meta property=\"og:site_name\" content=\"Matterhorn Paragliding\" \/>\n<meta property=\"article:publisher\" content=\"https:\/\/www.facebook.com\/search\/top?q=matterhorn%20paragliding\" \/>\n<meta property=\"article:modified_time\" content=\"2026-03-13T14:00:58+00:00\" \/>\n<meta name=\"twitter:card\" content=\"summary_large_image\" \/>\n<meta name=\"twitter:label1\" content=\"Gesch\u00e4tzte Lesezeit\" \/>\n\t<meta name=\"twitter:data1\" content=\"1\u00a0Minute\" \/>\n<script type=\"application\/ld+json\" class=\"yoast-schema-graph\">{\"@context\":\"https:\/\/schema.org\",\"@graph\":[{\"@type\":\"Organization\",\"@id\":\"https:\/\/matterhornparagliding.com\/#organization\",\"name\":\"Matterhorn Paragliding\",\"url\":\"https:\/\/matterhornparagliding.com\/\",\"sameAs\":[\"https:\/\/www.facebook.com\/search\/top?q=matterhorn paragliding\",\"https:\/\/instagram.com\/matterhornparagliding?utm_medium=copy_link\"],\"logo\":{\"@type\":\"ImageObject\",\"@id\":\"https:\/\/matterhornparagliding.com\/#logo\",\"inLanguage\":\"de\",\"url\":\"https:\/\/matterhornparagliding.com\/wp-content\/uploads\/2022\/06\/cropped-mp-pic-scaled-1.jpg\",\"contentUrl\":\"https:\/\/matterhornparagliding.com\/wp-content\/uploads\/2022\/06\/cropped-mp-pic-scaled-1.jpg\",\"width\":512,\"height\":512,\"caption\":\"Matterhorn Paragliding\"},\"image\":{\"@id\":\"https:\/\/matterhornparagliding.com\/#logo\"}},{\"@type\":\"WebSite\",\"@id\":\"https:\/\/matterhornparagliding.com\/#website\",\"url\":\"https:\/\/matterhornparagliding.com\/\",\"name\":\"Matterhorn Paragliding\",\"description\":\"Paragliding in Zermatt with Matterhorn Paragliding | Let us take you flying!\",\"publisher\":{\"@id\":\"https:\/\/matterhornparagliding.com\/#organization\"},\"potentialAction\":[{\"@type\":\"SearchAction\",\"target\":{\"@type\":\"EntryPoint\",\"urlTemplate\":\"https:\/\/matterhornparagliding.com\/?s={search_term_string}\"},\"query-input\":\"required name=search_term_string\"}],\"inLanguage\":\"de\"},{\"@type\":\"WebPage\",\"@id\":\"https:\/\/matterhornparagliding.com\/de\/buchen\/adventurer\/#webpage\",\"url\":\"https:\/\/matterhornparagliding.com\/de\/buchen\/adventurer\/\",\"name\":\"Adventurer | Matterhorn Paragliding\",\"isPartOf\":{\"@id\":\"https:\/\/matterhornparagliding.com\/#website\"},\"datePublished\":\"2026-03-12T09:06:30+00:00\",\"dateModified\":\"2026-03-13T14:00:58+00:00\",\"breadcrumb\":{\"@id\":\"https:\/\/matterhornparagliding.com\/de\/buchen\/adventurer\/#breadcrumb\"},\"inLanguage\":\"de\",\"potentialAction\":[{\"@type\":\"ReadAction\",\"target\":[\"https:\/\/matterhornparagliding.com\/de\/buchen\/adventurer\/\"]}]},{\"@type\":\"BreadcrumbList\",\"@id\":\"https:\/\/matterhornparagliding.com\/de\/buchen\/adventurer\/#breadcrumb\",\"itemListElement\":[{\"@type\":\"ListItem\",\"position\":1,\"name\":\"Home\",\"item\":\"https:\/\/matterhornparagliding.com\/de\/\"},{\"@type\":\"ListItem\",\"position\":2,\"name\":\"Buchen\",\"item\":\"https:\/\/matterhornparagliding.com\/de\/reservez\/\"},{\"@type\":\"ListItem\",\"position\":3,\"name\":\"Adventurer\"}]}]}<\/script>\n<!-- \/ Yoast SEO plugin. -->","yoast_head_json":{"title":"Adventurer | Matterhorn Paragliding","robots":{"index":"index","follow":"follow","max-snippet":"max-snippet:-1","max-image-preview":"max-image-preview:large","max-video-preview":"max-video-preview:-1"},"canonical":"https:\/\/matterhornparagliding.com\/de\/buchen\/adventurer\/","og_locale":"de_DE","og_type":"article","og_title":"Adventurer | Matterhorn Paragliding","og_description":"Ist Ihr Wunschtermin nicht mehr verf\u00fcgbar? Sollte Ihr bevorzugter Termin nicht mehr verf\u00fcgbar sein, kontaktieren Sie uns bitte direkt \u00fcber WhatsApp. Gr\u00f6ssere Gruppen Tipp: Gr\u00f6ssere Gruppen k\u00f6nnen auf mehrere Zeitfenster aufgeteilt werden, oder Sie k\u00f6nnen sich direkt an uns wenden","og_url":"https:\/\/matterhornparagliding.com\/de\/buchen\/adventurer\/","og_site_name":"Matterhorn Paragliding","article_publisher":"https:\/\/www.facebook.com\/search\/top?q=matterhorn%20paragliding","article_modified_time":"2026-03-13T14:00:58+00:00","twitter_card":"summary_large_image","twitter_misc":{"Gesch\u00e4tzte Lesezeit":"1\u00a0Minute"},"schema":{"@context":"https:\/\/schema.org","@graph":[{"@type":"Organization","@id":"https:\/\/matterhornparagliding.com\/#organization","name":"Matterhorn Paragliding","url":"https:\/\/matterhornparagliding.com\/","sameAs":["https:\/\/www.facebook.com\/search\/top?q=matterhorn paragliding","https:\/\/instagram.com\/matterhornparagliding?utm_medium=copy_link"],"logo":{"@type":"ImageObject","@id":"https:\/\/matterhornparagliding.com\/#logo","inLanguage":"de","url":"https:\/\/matterhornparagliding.com\/wp-content\/uploads\/2022\/06\/cropped-mp-pic-scaled-1.jpg","contentUrl":"https:\/\/matterhornparagliding.com\/wp-content\/uploads\/2022\/06\/cropped-mp-pic-scaled-1.jpg","width":512,"height":512,"caption":"Matterhorn Paragliding"},"image":{"@id":"https:\/\/matterhornparagliding.com\/#logo"}},{"@type":"WebSite","@id":"https:\/\/matterhornparagliding.com\/#website","url":"https:\/\/matterhornparagliding.com\/","name":"Matterhorn Paragliding","description":"Paragliding in Zermatt with Matterhorn Paragliding | Let us take you flying!","publisher":{"@id":"https:\/\/matterhornparagliding.com\/#organization"},"potentialAction":[{"@type":"SearchAction","target":{"@type":"EntryPoint","urlTemplate":"https:\/\/matterhornparagliding.com\/?s={search_term_string}"},"query-input":"required name=search_term_string"}],"inLanguage":"de"},{"@type":"WebPage","@id":"https:\/\/matterhornparagliding.com\/de\/buchen\/adventurer\/#webpage","url":"https:\/\/matterhornparagliding.com\/de\/buchen\/adventurer\/","name":"Adventurer | Matterhorn Paragliding","isPartOf":{"@id":"https:\/\/matterhornparagliding.com\/#website"},"datePublished":"2026-03-12T09:06:30+00:00","dateModified":"2026-03-13T14:00:58+00:00","breadcrumb":{"@id":"https:\/\/matterhornparagliding.com\/de\/buchen\/adventurer\/#breadcrumb"},"inLanguage":"de","potentialAction":[{"@type":"ReadAction","target":["https:\/\/matterhornparagliding.com\/de\/buchen\/adventurer\/"]}]},{"@type":"BreadcrumbList","@id":"https:\/\/matterhornparagliding.com\/de\/buchen\/adventurer\/#breadcrumb","itemListElement":[{"@type":"ListItem","position":1,"name":"Home","item":"https:\/\/matterhornparagliding.com\/de\/"},{"@type":"ListItem","position":2,"name":"Buchen","item":"https:\/\/matterhornparagliding.com\/de\/reservez\/"},{"@type":"ListItem","position":3,"name":"Adventurer"}]}]}},"_links":{"self":[{"href":"https:\/\/matterhornparagliding.com\/de\/wp-json\/wp\/v2\/pages\/4222"}],"collection":[{"href":"https:\/\/matterhornparagliding.com\/de\/wp-json\/wp\/v2\/pages"}],"about":[{"href":"https:\/\/matterhornparagliding.com\/de\/wp-json\/wp\/v2\/types\/page"}],"author":[{"embeddable":true,"href":"https:\/\/matterhornparagliding.com\/de\/wp-json\/wp\/v2\/users\/1"}],"replies":[{"embeddable":true,"href":"https:\/\/matterhornparagliding.com\/de\/wp-json\/wp\/v2\/comments?post=4222"}],"version-history":[{"count":6,"href":"https:\/\/matterhornparagliding.com\/de\/wp-json\/wp\/v2\/pages\/4222\/revisions"}],"predecessor-version":[{"id":4315,"href":"https:\/\/matterhornparagliding.com\/de\/wp-json\/wp\/v2\/pages\/4222\/revisions\/4315"}],"up":[{"embeddable":true,"href":"https:\/\/matterhornparagliding.com\/de\/wp-json\/wp\/v2\/pages\/2517"}],"wp:attachment":[{"href":"https:\/\/matterhornparagliding.com\/de\/wp-json\/wp\/v2\/media?parent=4222"}],"curies":[{"name":"wp","href":"https:\/\/api.w.org\/{rel}","templated":true}]}}