{"id":2507,"date":"2023-08-04T13:35:21","date_gmt":"2023-08-04T11:35:21","guid":{"rendered":"https:\/\/matterhornparagliding.com\/?page_id=2507"},"modified":"2026-03-13T21:19:07","modified_gmt":"2026-03-13T20:19:07","slug":"reservez","status":"publish","type":"page","link":"https:\/\/matterhornparagliding.com\/fr\/reservez\/","title":{"rendered":"Reservez"},"content":{"rendered":"\t\t<div data-elementor-type=\"wp-page\" data-elementor-id=\"2507\" class=\"elementor elementor-2507 elementor-2476\">\n\t\t\t\t\t\t<div class=\"elementor-inner\">\n\t\t\t\t<div class=\"elementor-section-wrap\">\n\t\t\t\t\t\t\t\t\t<section class=\"elementor-section elementor-top-section elementor-element elementor-element-8249797 elementor-section-boxed elementor-section-height-default elementor-section-height-default parallax_section_no qode_elementor_container_no\" data-id=\"8249797\" data-element_type=\"section\">\n\t\t\t\t\t\t\t<div class=\"elementor-background-overlay\"><\/div>\n\t\t\t\t\t\t\t<div class=\"elementor-container elementor-column-gap-default\">\n\t\t\t\t\t\t\t<div class=\"elementor-row\">\n\t\t\t\t\t<div class=\"elementor-column elementor-col-100 elementor-top-column elementor-element elementor-element-817cd08\" data-id=\"817cd08\" data-element_type=\"column\">\n\t\t\t<div class=\"elementor-column-wrap elementor-element-populated\">\n\t\t\t\t\t\t\t<div class=\"elementor-widget-wrap\">\n\t\t\t\t\t\t<div class=\"elementor-element elementor-element-f902eee elementor-widget elementor-widget-heading\" data-id=\"f902eee\" data-element_type=\"widget\" data-widget_type=\"heading.default\">\n\t\t\t\t<div class=\"elementor-widget-container\">\n\t\t\t<h1 class=\"elementor-heading-title elementor-size-default\">R\u00e9servez votre vol en parapente \u00e0 Zermatt<\/h1>\t\t<\/div>\n\t\t\t\t<\/div>\n\t\t\t\t<section class=\"elementor-section elementor-inner-section elementor-element elementor-element-cd8b167 elementor-section-boxed elementor-section-height-default elementor-section-height-default parallax_section_no qode_elementor_container_no\" data-id=\"cd8b167\" data-element_type=\"section\">\n\t\t\t\t\t\t<div class=\"elementor-container elementor-column-gap-default\">\n\t\t\t\t\t\t\t<div class=\"elementor-row\">\n\t\t\t\t\t<div class=\"elementor-column elementor-col-50 elementor-inner-column elementor-element elementor-element-b51e4bf\" data-id=\"b51e4bf\" data-element_type=\"column\">\n\t\t\t<div class=\"elementor-column-wrap elementor-element-populated\">\n\t\t\t\t\t\t\t<div class=\"elementor-widget-wrap\">\n\t\t\t\t\t\t<div class=\"elementor-element elementor-element-2317189 elementor-widget elementor-widget-text-editor\" data-id=\"2317189\" data-element_type=\"widget\" data-widget_type=\"text-editor.default\">\n\t\t\t\t<div class=\"elementor-widget-container\">\n\t\t\t\t\t\t\t\t<div class=\"elementor-text-editor elementor-clearfix\">\n\t\t\t\t<h3>\u00cates-vous pr\u00eat pour un vol en parapente en tandem \u00e0 Zermatt?<\/h3>\nVolez en plein vue du Cervin et profitez d&rsquo;une vue imprenable sur les Alpes suisses en compagnie de l&rsquo;un de nos pilotes certifi\u00e9s\t\t\t\t\t<\/div>\n\t\t\t\t\t\t<\/div>\n\t\t\t\t<\/div>\n\t\t\t\t\t\t<\/div>\n\t\t\t\t\t<\/div>\n\t\t<\/div>\n\t\t\t\t<div class=\"elementor-column elementor-col-50 elementor-inner-column elementor-element elementor-element-6cda1a5\" data-id=\"6cda1a5\" data-element_type=\"column\">\n\t\t\t<div class=\"elementor-column-wrap elementor-element-populated\">\n\t\t\t\t\t\t\t<div class=\"elementor-widget-wrap\">\n\t\t\t\t\t\t<div class=\"elementor-element elementor-element-968c4d3 elementor-widget elementor-widget-text-editor\" data-id=\"968c4d3\" data-element_type=\"widget\" data-widget_type=\"text-editor.default\">\n\t\t\t\t<div class=\"elementor-widget-container\">\n\t\t\t\t\t\t\t\t<div class=\"elementor-text-editor elementor-clearfix\">\n\t\t\t\t1. Choisissez votre vol<\/br>\n\n2. V\u00e9rifiez les disponibilit\u00e9s en temps r\u00e9el<\/br>\n\n3. R\u00e9servez votre spot pour une aventure inoubliable en parapente \u00e0 Zermatt<\/br>\n\n<h3 style=\"margin-top: 7px;\">Aucune exp\u00e9rience n\u00e9cessaire, il suffit d&rsquo;avoir l&rsquo;esprit d&rsquo;aventure!<\/h3>\t\t\t\t\t<\/div>\n\t\t\t\t\t\t<\/div>\n\t\t\t\t<\/div>\n\t\t\t\t\t\t<\/div>\n\t\t\t\t\t<\/div>\n\t\t<\/div>\n\t\t\t\t\t\t\t\t<\/div>\n\t\t\t\t\t<\/div>\n\t\t<\/section>\n\t\t\t\t<div class=\"elementor-element elementor-element-3e65710 elementor-widget elementor-widget-html\" data-id=\"3e65710\" data-element_type=\"widget\" data-widget_type=\"html.default\">\n\t\t\t\t<div class=\"elementor-widget-container\">\n\t\t\t<product-catalog-widget widget-id=\"e5aaee41-6ea7-45b2-a84e-7ba73e73d320\"><\/product-catalog-widget><script type=\"text\/javascript\" src=\"https:\/\/widgets.regiondo.net\/catalog\/v1\/catalog-widget.min.js\"><\/script>\t\t<\/div>\n\t\t\t\t<\/div>\n\t\t\t\t<div class=\"elementor-element elementor-element-047aaf9 elementor-hidden-desktop elementor-hidden-tablet elementor-hidden-mobile elementor-widget elementor-widget-text-editor\" data-id=\"047aaf9\" data-element_type=\"widget\" data-widget_type=\"text-editor.default\">\n\t\t\t\t<div class=\"elementor-widget-container\">\n\t\t\t\t\t\t\t\t<div class=\"elementor-text-editor elementor-clearfix\">\n\t\t\t\t<div class=\"elementor-element elementor-element-9e74546 elementor-widget elementor-widget-text-editor\" data-id=\"9e74546\" data-element_type=\"widget\" data-widget_type=\"text-editor.default\"><div class=\"elementor-widget-container\"><div class=\"elementor-text-editor elementor-clearfix\"><p>Les prix sont par personne et par vol. Les prix du transport pour d\u00e9coller ne sont pas inclus.<\/p><p>Un superbe paquet photo &amp; vid\u00e9o est un co\u00fbt suppl\u00e9mentaire optionnel de 40.- chf.<\/p><p>Cash, toutes les principales cartes de cr\u00e9dit et Twint accept\u00e9 comme paiements.<\/p><\/div><\/div><\/div>\t\t\t\t\t<\/div>\n\t\t\t\t\t\t<\/div>\n\t\t\t\t<\/div>\n\t\t\t\t<section class=\"elementor-section elementor-inner-section elementor-element elementor-element-7c92b90 elementor-section-boxed elementor-section-height-default elementor-section-height-default parallax_section_no qode_elementor_container_no\" data-id=\"7c92b90\" data-element_type=\"section\">\n\t\t\t\t\t\t<div class=\"elementor-container elementor-column-gap-default\">\n\t\t\t\t\t\t\t<div class=\"elementor-row\">\n\t\t\t\t\t<div class=\"elementor-column elementor-col-50 elementor-inner-column elementor-element elementor-element-d335c78\" data-id=\"d335c78\" data-element_type=\"column\">\n\t\t\t<div class=\"elementor-column-wrap elementor-element-populated\">\n\t\t\t\t\t\t\t<div class=\"elementor-widget-wrap\">\n\t\t\t\t\t\t<div class=\"elementor-element elementor-element-1a61443 elementor-widget elementor-widget-text-editor\" data-id=\"1a61443\" data-element_type=\"widget\" data-widget_type=\"text-editor.default\">\n\t\t\t\t<div class=\"elementor-widget-container\">\n\t\t\t\t\t\t\t\t<div class=\"elementor-text-editor elementor-clearfix\">\n\t\t\t\t<h3>L&rsquo;heure ou la date que vous souhaitez n&rsquo;est pas disponible ?<\/h3>\nSi l&rsquo;heure ou la date que vous souhaitez n&rsquo;est plus disponible, veuillez nous contacter directement via <a href=\"https:\/\/wa.me\/41774895916\">WhatsApp<\/a>.\t\t\t\t\t<\/div>\n\t\t\t\t\t\t<\/div>\n\t\t\t\t<\/div>\n\t\t\t\t\t\t<\/div>\n\t\t\t\t\t<\/div>\n\t\t<\/div>\n\t\t\t\t<div class=\"elementor-column elementor-col-50 elementor-inner-column elementor-element elementor-element-3eafc77\" data-id=\"3eafc77\" data-element_type=\"column\">\n\t\t\t<div class=\"elementor-column-wrap elementor-element-populated\">\n\t\t\t\t\t\t\t<div class=\"elementor-widget-wrap\">\n\t\t\t\t\t\t<div class=\"elementor-element elementor-element-86a61a9 elementor-widget elementor-widget-text-editor\" data-id=\"86a61a9\" data-element_type=\"widget\" data-widget_type=\"text-editor.default\">\n\t\t\t\t<div class=\"elementor-widget-container\">\n\t\t\t\t\t\t\t\t<div class=\"elementor-text-editor elementor-clearfix\">\n\t\t\t\t<h3>Groupes plus nombreux<\/h3>\nConseil : les groupes plus nombreux peuvent \u00eatre s\u00e9par\u00e9s en plusieurs sessions ou vous pouvez nous contacter directement\t\t\t\t\t<\/div>\n\t\t\t\t\t\t<\/div>\n\t\t\t\t<\/div>\n\t\t\t\t\t\t<\/div>\n\t\t\t\t\t<\/div>\n\t\t<\/div>\n\t\t\t\t\t\t\t\t<\/div>\n\t\t\t\t\t<\/div>\n\t\t<\/section>\n\t\t\t\t\t\t<\/div>\n\t\t\t\t\t<\/div>\n\t\t<\/div>\n\t\t\t\t\t\t\t\t<\/div>\n\t\t\t\t\t<\/div>\n\t\t<\/section>\n\t\t\t\t\t\t\t\t\t<\/div>\n\t\t\t<\/div>\n\t\t\t\t\t<\/div>\n\t\t","protected":false},"excerpt":{"rendered":"<p>R\u00e9servez votre vol en parapente \u00e0 Zermatt \u00cates-vous pr\u00eat pour un vol en parapente en tandem \u00e0 Zermatt? Volez en plein vue du Cervin et profitez d&rsquo;une vue imprenable sur les Alpes suisses en compagnie de l&rsquo;un de nos pilotes certifi\u00e9s1. Choisissez votre vol 2&#8230;.<\/p>\n","protected":false},"author":1,"featured_media":0,"parent":0,"menu_order":0,"comment_status":"closed","ping_status":"closed","template":"elementor_header_footer","meta":[],"yoast_head":"<!-- This site is optimized with the Yoast SEO plugin v18.3 - https:\/\/yoast.com\/wordpress\/plugins\/seo\/ -->\n<title>Reservez | Matterhorn Paragliding<\/title>\n<meta name=\"robots\" content=\"index, follow, max-snippet:-1, max-image-preview:large, max-video-preview:-1\" \/>\n<link rel=\"canonical\" href=\"https:\/\/matterhornparagliding.com\/fr\/reservez\/\" \/>\n<meta property=\"og:locale\" content=\"fr_FR\" \/>\n<meta property=\"og:type\" content=\"article\" \/>\n<meta property=\"og:title\" content=\"Reservez | Matterhorn Paragliding\" \/>\n<meta property=\"og:description\" content=\"R\u00e9servez votre vol en parapente \u00e0 Zermatt \u00cates-vous pr\u00eat pour un vol en parapente en tandem \u00e0 Zermatt? Volez en plein vue du Cervin et profitez d&rsquo;une vue imprenable sur les Alpes suisses en compagnie de l&rsquo;un de nos pilotes certifi\u00e9s1. Choisissez votre vol 2....\" \/>\n<meta property=\"og:url\" content=\"https:\/\/matterhornparagliding.com\/fr\/reservez\/\" \/>\n<meta property=\"og:site_name\" content=\"Matterhorn Paragliding\" \/>\n<meta property=\"article:publisher\" content=\"https:\/\/www.facebook.com\/search\/top?q=matterhorn%20paragliding\" \/>\n<meta property=\"article:modified_time\" content=\"2026-03-13T20:19:07+00:00\" \/>\n<meta name=\"twitter:card\" content=\"summary_large_image\" \/>\n<meta name=\"twitter:label1\" content=\"Dur\u00e9e de lecture estim\u00e9e\" \/>\n\t<meta name=\"twitter:data1\" content=\"2 minutes\" \/>\n<script type=\"application\/ld+json\" class=\"yoast-schema-graph\">{\"@context\":\"https:\/\/schema.org\",\"@graph\":[{\"@type\":\"Organization\",\"@id\":\"https:\/\/matterhornparagliding.com\/#organization\",\"name\":\"Matterhorn Paragliding\",\"url\":\"https:\/\/matterhornparagliding.com\/\",\"sameAs\":[\"https:\/\/www.facebook.com\/search\/top?q=matterhorn paragliding\",\"https:\/\/instagram.com\/matterhornparagliding?utm_medium=copy_link\"],\"logo\":{\"@type\":\"ImageObject\",\"@id\":\"https:\/\/matterhornparagliding.com\/#logo\",\"inLanguage\":\"fr-FR\",\"url\":\"https:\/\/matterhornparagliding.com\/wp-content\/uploads\/2022\/06\/cropped-mp-pic-scaled-1.jpg\",\"contentUrl\":\"https:\/\/matterhornparagliding.com\/wp-content\/uploads\/2022\/06\/cropped-mp-pic-scaled-1.jpg\",\"width\":512,\"height\":512,\"caption\":\"Matterhorn Paragliding\"},\"image\":{\"@id\":\"https:\/\/matterhornparagliding.com\/#logo\"}},{\"@type\":\"WebSite\",\"@id\":\"https:\/\/matterhornparagliding.com\/#website\",\"url\":\"https:\/\/matterhornparagliding.com\/\",\"name\":\"Matterhorn Paragliding\",\"description\":\"Zermatt Paragliding in front of the Matterhorn\",\"publisher\":{\"@id\":\"https:\/\/matterhornparagliding.com\/#organization\"},\"potentialAction\":[{\"@type\":\"SearchAction\",\"target\":{\"@type\":\"EntryPoint\",\"urlTemplate\":\"https:\/\/matterhornparagliding.com\/?s={search_term_string}\"},\"query-input\":\"required name=search_term_string\"}],\"inLanguage\":\"fr-FR\"},{\"@type\":\"WebPage\",\"@id\":\"https:\/\/matterhornparagliding.com\/fr\/reservez\/#webpage\",\"url\":\"https:\/\/matterhornparagliding.com\/fr\/reservez\/\",\"name\":\"Reservez | Matterhorn Paragliding\",\"isPartOf\":{\"@id\":\"https:\/\/matterhornparagliding.com\/#website\"},\"datePublished\":\"2023-08-04T11:35:21+00:00\",\"dateModified\":\"2026-03-13T20:19:07+00:00\",\"breadcrumb\":{\"@id\":\"https:\/\/matterhornparagliding.com\/fr\/reservez\/#breadcrumb\"},\"inLanguage\":\"fr-FR\",\"potentialAction\":[{\"@type\":\"ReadAction\",\"target\":[\"https:\/\/matterhornparagliding.com\/fr\/reservez\/\"]}]},{\"@type\":\"BreadcrumbList\",\"@id\":\"https:\/\/matterhornparagliding.com\/fr\/reservez\/#breadcrumb\",\"itemListElement\":[{\"@type\":\"ListItem\",\"position\":1,\"name\":\"Home\",\"item\":\"https:\/\/matterhornparagliding.com\/fr\/\"},{\"@type\":\"ListItem\",\"position\":2,\"name\":\"Reservez\"}]}]}<\/script>\n<!-- \/ Yoast SEO plugin. -->","yoast_head_json":{"title":"Reservez | Matterhorn Paragliding","robots":{"index":"index","follow":"follow","max-snippet":"max-snippet:-1","max-image-preview":"max-image-preview:large","max-video-preview":"max-video-preview:-1"},"canonical":"https:\/\/matterhornparagliding.com\/fr\/reservez\/","og_locale":"fr_FR","og_type":"article","og_title":"Reservez | Matterhorn Paragliding","og_description":"R\u00e9servez votre vol en parapente \u00e0 Zermatt \u00cates-vous pr\u00eat pour un vol en parapente en tandem \u00e0 Zermatt? Volez en plein vue du Cervin et profitez d&rsquo;une vue imprenable sur les Alpes suisses en compagnie de l&rsquo;un de nos pilotes certifi\u00e9s1. Choisissez votre vol 2....","og_url":"https:\/\/matterhornparagliding.com\/fr\/reservez\/","og_site_name":"Matterhorn Paragliding","article_publisher":"https:\/\/www.facebook.com\/search\/top?q=matterhorn%20paragliding","article_modified_time":"2026-03-13T20:19:07+00:00","twitter_card":"summary_large_image","twitter_misc":{"Dur\u00e9e de lecture estim\u00e9e":"2 minutes"},"schema":{"@context":"https:\/\/schema.org","@graph":[{"@type":"Organization","@id":"https:\/\/matterhornparagliding.com\/#organization","name":"Matterhorn Paragliding","url":"https:\/\/matterhornparagliding.com\/","sameAs":["https:\/\/www.facebook.com\/search\/top?q=matterhorn paragliding","https:\/\/instagram.com\/matterhornparagliding?utm_medium=copy_link"],"logo":{"@type":"ImageObject","@id":"https:\/\/matterhornparagliding.com\/#logo","inLanguage":"fr-FR","url":"https:\/\/matterhornparagliding.com\/wp-content\/uploads\/2022\/06\/cropped-mp-pic-scaled-1.jpg","contentUrl":"https:\/\/matterhornparagliding.com\/wp-content\/uploads\/2022\/06\/cropped-mp-pic-scaled-1.jpg","width":512,"height":512,"caption":"Matterhorn Paragliding"},"image":{"@id":"https:\/\/matterhornparagliding.com\/#logo"}},{"@type":"WebSite","@id":"https:\/\/matterhornparagliding.com\/#website","url":"https:\/\/matterhornparagliding.com\/","name":"Matterhorn Paragliding","description":"Zermatt Paragliding in front of the Matterhorn","publisher":{"@id":"https:\/\/matterhornparagliding.com\/#organization"},"potentialAction":[{"@type":"SearchAction","target":{"@type":"EntryPoint","urlTemplate":"https:\/\/matterhornparagliding.com\/?s={search_term_string}"},"query-input":"required name=search_term_string"}],"inLanguage":"fr-FR"},{"@type":"WebPage","@id":"https:\/\/matterhornparagliding.com\/fr\/reservez\/#webpage","url":"https:\/\/matterhornparagliding.com\/fr\/reservez\/","name":"Reservez | Matterhorn Paragliding","isPartOf":{"@id":"https:\/\/matterhornparagliding.com\/#website"},"datePublished":"2023-08-04T11:35:21+00:00","dateModified":"2026-03-13T20:19:07+00:00","breadcrumb":{"@id":"https:\/\/matterhornparagliding.com\/fr\/reservez\/#breadcrumb"},"inLanguage":"fr-FR","potentialAction":[{"@type":"ReadAction","target":["https:\/\/matterhornparagliding.com\/fr\/reservez\/"]}]},{"@type":"BreadcrumbList","@id":"https:\/\/matterhornparagliding.com\/fr\/reservez\/#breadcrumb","itemListElement":[{"@type":"ListItem","position":1,"name":"Home","item":"https:\/\/matterhornparagliding.com\/fr\/"},{"@type":"ListItem","position":2,"name":"Reservez"}]}]}},"_links":{"self":[{"href":"https:\/\/matterhornparagliding.com\/fr\/wp-json\/wp\/v2\/pages\/2507"}],"collection":[{"href":"https:\/\/matterhornparagliding.com\/fr\/wp-json\/wp\/v2\/pages"}],"about":[{"href":"https:\/\/matterhornparagliding.com\/fr\/wp-json\/wp\/v2\/types\/page"}],"author":[{"embeddable":true,"href":"https:\/\/matterhornparagliding.com\/fr\/wp-json\/wp\/v2\/users\/1"}],"replies":[{"embeddable":true,"href":"https:\/\/matterhornparagliding.com\/fr\/wp-json\/wp\/v2\/comments?post=2507"}],"version-history":[{"count":37,"href":"https:\/\/matterhornparagliding.com\/fr\/wp-json\/wp\/v2\/pages\/2507\/revisions"}],"predecessor-version":[{"id":4436,"href":"https:\/\/matterhornparagliding.com\/fr\/wp-json\/wp\/v2\/pages\/2507\/revisions\/4436"}],"wp:attachment":[{"href":"https:\/\/matterhornparagliding.com\/fr\/wp-json\/wp\/v2\/media?parent=2507"}],"curies":[{"name":"wp","href":"https:\/\/api.w.org\/{rel}","templated":true}]}}