{"id":4244,"date":"2026-03-12T10:18:08","date_gmt":"2026-03-12T09:18:08","guid":{"rendered":"https:\/\/matterhornparagliding.com\/?page_id=4244"},"modified":"2026-03-13T15:03:25","modified_gmt":"2026-03-13T14:03:25","slug":"v-i-p","status":"publish","type":"page","link":"https:\/\/matterhornparagliding.com\/fr\/reservez\/v-i-p\/","title":{"rendered":"V.I.P"},"content":{"rendered":"\t\t<div data-elementor-type=\"wp-page\" data-elementor-id=\"4244\" class=\"elementor elementor-4244 elementor-4064\">\n\t\t\t\t\t\t<div class=\"elementor-inner\">\n\t\t\t\t<div class=\"elementor-section-wrap\">\n\t\t\t\t\t\t\t\t\t<section class=\"elementor-section elementor-top-section elementor-element elementor-element-34bddd8 elementor-section-boxed elementor-section-height-default elementor-section-height-default parallax_section_no qode_elementor_container_no\" data-id=\"34bddd8\" data-element_type=\"section\">\n\t\t\t\t\t\t\t<div class=\"elementor-background-overlay\"><\/div>\n\t\t\t\t\t\t\t<div class=\"elementor-container elementor-column-gap-default\">\n\t\t\t\t\t\t\t<div class=\"elementor-row\">\n\t\t\t\t\t<div class=\"elementor-column elementor-col-100 elementor-top-column elementor-element elementor-element-7e4a9c0\" data-id=\"7e4a9c0\" data-element_type=\"column\">\n\t\t\t<div class=\"elementor-column-wrap elementor-element-populated\">\n\t\t\t\t\t\t\t<div class=\"elementor-widget-wrap\">\n\t\t\t\t\t\t<div class=\"elementor-element elementor-element-801ecce elementor-widget elementor-widget-html\" data-id=\"801ecce\" data-element_type=\"widget\" data-widget_type=\"html.default\">\n\t\t\t\t<div class=\"elementor-widget-container\">\n\t\t\t<product-details-widget widget-id=\"f10cd1c0-7f98-4f0c-84d2-50e08134a782\"><\/product-details-widget><script type=\"text\/javascript\" src=\"https:\/\/widgets.regiondo.net\/product\/v1\/product-widget.min.js\"><\/script>\t\t<\/div>\n\t\t\t\t<\/div>\n\t\t\t\t<section class=\"elementor-section elementor-inner-section elementor-element elementor-element-e6a7d7a elementor-section-boxed elementor-section-height-default elementor-section-height-default parallax_section_no qode_elementor_container_no\" data-id=\"e6a7d7a\" data-element_type=\"section\">\n\t\t\t\t\t\t<div class=\"elementor-container elementor-column-gap-default\">\n\t\t\t\t\t\t\t<div class=\"elementor-row\">\n\t\t\t\t\t<div class=\"elementor-column elementor-col-50 elementor-inner-column elementor-element elementor-element-05f2775\" data-id=\"05f2775\" data-element_type=\"column\">\n\t\t\t<div class=\"elementor-column-wrap elementor-element-populated\">\n\t\t\t\t\t\t\t<div class=\"elementor-widget-wrap\">\n\t\t\t\t\t\t<div class=\"elementor-element elementor-element-594c224 elementor-widget elementor-widget-text-editor\" data-id=\"594c224\" data-element_type=\"widget\" data-widget_type=\"text-editor.default\">\n\t\t\t\t<div class=\"elementor-widget-container\">\n\t\t\t\t\t\t\t\t<div class=\"elementor-text-editor elementor-clearfix\">\n\t\t\t\t<h3>L&rsquo;heure ou la date que vous souhaitez n&rsquo;est pas disponible ?<\/h3>\nSi l&rsquo;heure ou la date que vous souhaitez n&rsquo;est plus disponible, veuillez nous contacter directement via <a href=\"https:\/\/wa.me\/41774895916\">WhatsApp<\/a>.\t\t\t\t\t<\/div>\n\t\t\t\t\t\t<\/div>\n\t\t\t\t<\/div>\n\t\t\t\t\t\t<\/div>\n\t\t\t\t\t<\/div>\n\t\t<\/div>\n\t\t\t\t<div class=\"elementor-column elementor-col-50 elementor-inner-column elementor-element elementor-element-02350be\" data-id=\"02350be\" data-element_type=\"column\">\n\t\t\t<div class=\"elementor-column-wrap elementor-element-populated\">\n\t\t\t\t\t\t\t<div class=\"elementor-widget-wrap\">\n\t\t\t\t\t\t<div class=\"elementor-element elementor-element-7d22130 elementor-widget elementor-widget-text-editor\" data-id=\"7d22130\" data-element_type=\"widget\" data-widget_type=\"text-editor.default\">\n\t\t\t\t<div class=\"elementor-widget-container\">\n\t\t\t\t\t\t\t\t<div class=\"elementor-text-editor elementor-clearfix\">\n\t\t\t\t<h3>Groupes plus nombreux<\/h3>\nConseil : les groupes plus nombreux peuvent \u00eatre s\u00e9par\u00e9s en plusieurs sessions ou vous pouvez nous contacter directement\t\t\t\t\t<\/div>\n\t\t\t\t\t\t<\/div>\n\t\t\t\t<\/div>\n\t\t\t\t\t\t<\/div>\n\t\t\t\t\t<\/div>\n\t\t<\/div>\n\t\t\t\t\t\t\t\t<\/div>\n\t\t\t\t\t<\/div>\n\t\t<\/section>\n\t\t\t\t\t\t<\/div>\n\t\t\t\t\t<\/div>\n\t\t<\/div>\n\t\t\t\t\t\t\t\t<\/div>\n\t\t\t\t\t<\/div>\n\t\t<\/section>\n\t\t\t\t\t\t\t\t\t<\/div>\n\t\t\t<\/div>\n\t\t\t\t\t<\/div>\n\t\t","protected":false},"excerpt":{"rendered":"<p>L&rsquo;heure ou la date que vous souhaitez n&rsquo;est pas disponible ? Si l&rsquo;heure ou la date que vous souhaitez n&rsquo;est plus disponible, veuillez nous contacter directement via WhatsApp. Groupes plus nombreux Conseil : les groupes plus nombreux peuvent \u00eatre s\u00e9par\u00e9s en plusieurs sessions ou vous&#8230;<\/p>\n","protected":false},"author":1,"featured_media":0,"parent":2507,"menu_order":0,"comment_status":"closed","ping_status":"closed","template":"elementor_header_footer","meta":[],"yoast_head":"<!-- This site is optimized with the Yoast SEO plugin v18.3 - https:\/\/yoast.com\/wordpress\/plugins\/seo\/ -->\n<title>V.I.P | Matterhorn Paragliding<\/title>\n<meta name=\"robots\" content=\"index, follow, max-snippet:-1, max-image-preview:large, max-video-preview:-1\" \/>\n<link rel=\"canonical\" href=\"https:\/\/matterhornparagliding.com\/fr\/reservez\/v-i-p\/\" \/>\n<meta property=\"og:locale\" content=\"fr_FR\" \/>\n<meta property=\"og:type\" content=\"article\" \/>\n<meta property=\"og:title\" content=\"V.I.P | Matterhorn Paragliding\" \/>\n<meta property=\"og:description\" content=\"L&rsquo;heure ou la date que vous souhaitez n&rsquo;est pas disponible ? Si l&rsquo;heure ou la date que vous souhaitez n&rsquo;est plus disponible, veuillez nous contacter directement via WhatsApp. Groupes plus nombreux Conseil : les groupes plus nombreux peuvent \u00eatre s\u00e9par\u00e9s en plusieurs sessions ou vous...\" \/>\n<meta property=\"og:url\" content=\"https:\/\/matterhornparagliding.com\/fr\/reservez\/v-i-p\/\" \/>\n<meta property=\"og:site_name\" content=\"Matterhorn Paragliding\" \/>\n<meta property=\"article:publisher\" content=\"https:\/\/www.facebook.com\/search\/top?q=matterhorn%20paragliding\" \/>\n<meta property=\"article:modified_time\" content=\"2026-03-13T14:03:25+00:00\" \/>\n<meta name=\"twitter:card\" content=\"summary_large_image\" \/>\n<meta name=\"twitter:label1\" content=\"Dur\u00e9e de lecture estim\u00e9e\" \/>\n\t<meta name=\"twitter:data1\" content=\"1 minute\" \/>\n<script type=\"application\/ld+json\" class=\"yoast-schema-graph\">{\"@context\":\"https:\/\/schema.org\",\"@graph\":[{\"@type\":\"Organization\",\"@id\":\"https:\/\/matterhornparagliding.com\/#organization\",\"name\":\"Matterhorn Paragliding\",\"url\":\"https:\/\/matterhornparagliding.com\/\",\"sameAs\":[\"https:\/\/www.facebook.com\/search\/top?q=matterhorn paragliding\",\"https:\/\/instagram.com\/matterhornparagliding?utm_medium=copy_link\"],\"logo\":{\"@type\":\"ImageObject\",\"@id\":\"https:\/\/matterhornparagliding.com\/#logo\",\"inLanguage\":\"fr-FR\",\"url\":\"https:\/\/matterhornparagliding.com\/wp-content\/uploads\/2022\/06\/cropped-mp-pic-scaled-1.jpg\",\"contentUrl\":\"https:\/\/matterhornparagliding.com\/wp-content\/uploads\/2022\/06\/cropped-mp-pic-scaled-1.jpg\",\"width\":512,\"height\":512,\"caption\":\"Matterhorn Paragliding\"},\"image\":{\"@id\":\"https:\/\/matterhornparagliding.com\/#logo\"}},{\"@type\":\"WebSite\",\"@id\":\"https:\/\/matterhornparagliding.com\/#website\",\"url\":\"https:\/\/matterhornparagliding.com\/\",\"name\":\"Matterhorn Paragliding\",\"description\":\"Zermatt Paragliding in front of the Matterhorn\",\"publisher\":{\"@id\":\"https:\/\/matterhornparagliding.com\/#organization\"},\"potentialAction\":[{\"@type\":\"SearchAction\",\"target\":{\"@type\":\"EntryPoint\",\"urlTemplate\":\"https:\/\/matterhornparagliding.com\/?s={search_term_string}\"},\"query-input\":\"required name=search_term_string\"}],\"inLanguage\":\"fr-FR\"},{\"@type\":\"WebPage\",\"@id\":\"https:\/\/matterhornparagliding.com\/fr\/reservez\/v-i-p\/#webpage\",\"url\":\"https:\/\/matterhornparagliding.com\/fr\/reservez\/v-i-p\/\",\"name\":\"V.I.P | Matterhorn Paragliding\",\"isPartOf\":{\"@id\":\"https:\/\/matterhornparagliding.com\/#website\"},\"datePublished\":\"2026-03-12T09:18:08+00:00\",\"dateModified\":\"2026-03-13T14:03:25+00:00\",\"breadcrumb\":{\"@id\":\"https:\/\/matterhornparagliding.com\/fr\/reservez\/v-i-p\/#breadcrumb\"},\"inLanguage\":\"fr-FR\",\"potentialAction\":[{\"@type\":\"ReadAction\",\"target\":[\"https:\/\/matterhornparagliding.com\/fr\/reservez\/v-i-p\/\"]}]},{\"@type\":\"BreadcrumbList\",\"@id\":\"https:\/\/matterhornparagliding.com\/fr\/reservez\/v-i-p\/#breadcrumb\",\"itemListElement\":[{\"@type\":\"ListItem\",\"position\":1,\"name\":\"Home\",\"item\":\"https:\/\/matterhornparagliding.com\/fr\/\"},{\"@type\":\"ListItem\",\"position\":2,\"name\":\"Reservez\",\"item\":\"https:\/\/matterhornparagliding.com\/fr\/reservez\/\"},{\"@type\":\"ListItem\",\"position\":3,\"name\":\"V.I.P\"}]}]}<\/script>\n<!-- \/ Yoast SEO plugin. -->","yoast_head_json":{"title":"V.I.P | Matterhorn Paragliding","robots":{"index":"index","follow":"follow","max-snippet":"max-snippet:-1","max-image-preview":"max-image-preview:large","max-video-preview":"max-video-preview:-1"},"canonical":"https:\/\/matterhornparagliding.com\/fr\/reservez\/v-i-p\/","og_locale":"fr_FR","og_type":"article","og_title":"V.I.P | Matterhorn Paragliding","og_description":"L&rsquo;heure ou la date que vous souhaitez n&rsquo;est pas disponible ? Si l&rsquo;heure ou la date que vous souhaitez n&rsquo;est plus disponible, veuillez nous contacter directement via WhatsApp. Groupes plus nombreux Conseil : les groupes plus nombreux peuvent \u00eatre s\u00e9par\u00e9s en plusieurs sessions ou vous...","og_url":"https:\/\/matterhornparagliding.com\/fr\/reservez\/v-i-p\/","og_site_name":"Matterhorn Paragliding","article_publisher":"https:\/\/www.facebook.com\/search\/top?q=matterhorn%20paragliding","article_modified_time":"2026-03-13T14:03:25+00:00","twitter_card":"summary_large_image","twitter_misc":{"Dur\u00e9e de lecture estim\u00e9e":"1 minute"},"schema":{"@context":"https:\/\/schema.org","@graph":[{"@type":"Organization","@id":"https:\/\/matterhornparagliding.com\/#organization","name":"Matterhorn Paragliding","url":"https:\/\/matterhornparagliding.com\/","sameAs":["https:\/\/www.facebook.com\/search\/top?q=matterhorn paragliding","https:\/\/instagram.com\/matterhornparagliding?utm_medium=copy_link"],"logo":{"@type":"ImageObject","@id":"https:\/\/matterhornparagliding.com\/#logo","inLanguage":"fr-FR","url":"https:\/\/matterhornparagliding.com\/wp-content\/uploads\/2022\/06\/cropped-mp-pic-scaled-1.jpg","contentUrl":"https:\/\/matterhornparagliding.com\/wp-content\/uploads\/2022\/06\/cropped-mp-pic-scaled-1.jpg","width":512,"height":512,"caption":"Matterhorn Paragliding"},"image":{"@id":"https:\/\/matterhornparagliding.com\/#logo"}},{"@type":"WebSite","@id":"https:\/\/matterhornparagliding.com\/#website","url":"https:\/\/matterhornparagliding.com\/","name":"Matterhorn Paragliding","description":"Zermatt Paragliding in front of the Matterhorn","publisher":{"@id":"https:\/\/matterhornparagliding.com\/#organization"},"potentialAction":[{"@type":"SearchAction","target":{"@type":"EntryPoint","urlTemplate":"https:\/\/matterhornparagliding.com\/?s={search_term_string}"},"query-input":"required name=search_term_string"}],"inLanguage":"fr-FR"},{"@type":"WebPage","@id":"https:\/\/matterhornparagliding.com\/fr\/reservez\/v-i-p\/#webpage","url":"https:\/\/matterhornparagliding.com\/fr\/reservez\/v-i-p\/","name":"V.I.P | Matterhorn Paragliding","isPartOf":{"@id":"https:\/\/matterhornparagliding.com\/#website"},"datePublished":"2026-03-12T09:18:08+00:00","dateModified":"2026-03-13T14:03:25+00:00","breadcrumb":{"@id":"https:\/\/matterhornparagliding.com\/fr\/reservez\/v-i-p\/#breadcrumb"},"inLanguage":"fr-FR","potentialAction":[{"@type":"ReadAction","target":["https:\/\/matterhornparagliding.com\/fr\/reservez\/v-i-p\/"]}]},{"@type":"BreadcrumbList","@id":"https:\/\/matterhornparagliding.com\/fr\/reservez\/v-i-p\/#breadcrumb","itemListElement":[{"@type":"ListItem","position":1,"name":"Home","item":"https:\/\/matterhornparagliding.com\/fr\/"},{"@type":"ListItem","position":2,"name":"Reservez","item":"https:\/\/matterhornparagliding.com\/fr\/reservez\/"},{"@type":"ListItem","position":3,"name":"V.I.P"}]}]}},"_links":{"self":[{"href":"https:\/\/matterhornparagliding.com\/fr\/wp-json\/wp\/v2\/pages\/4244"}],"collection":[{"href":"https:\/\/matterhornparagliding.com\/fr\/wp-json\/wp\/v2\/pages"}],"about":[{"href":"https:\/\/matterhornparagliding.com\/fr\/wp-json\/wp\/v2\/types\/page"}],"author":[{"embeddable":true,"href":"https:\/\/matterhornparagliding.com\/fr\/wp-json\/wp\/v2\/users\/1"}],"replies":[{"embeddable":true,"href":"https:\/\/matterhornparagliding.com\/fr\/wp-json\/wp\/v2\/comments?post=4244"}],"version-history":[{"count":7,"href":"https:\/\/matterhornparagliding.com\/fr\/wp-json\/wp\/v2\/pages\/4244\/revisions"}],"predecessor-version":[{"id":4336,"href":"https:\/\/matterhornparagliding.com\/fr\/wp-json\/wp\/v2\/pages\/4244\/revisions\/4336"}],"up":[{"embeddable":true,"href":"https:\/\/matterhornparagliding.com\/fr\/wp-json\/wp\/v2\/pages\/2507"}],"wp:attachment":[{"href":"https:\/\/matterhornparagliding.com\/fr\/wp-json\/wp\/v2\/media?parent=4244"}],"curies":[{"name":"wp","href":"https:\/\/api.w.org\/{rel}","templated":true}]}}